{"id":1364,"date":"2023-04-26T14:32:16","date_gmt":"2023-04-26T12:32:16","guid":{"rendered":"https:\/\/wp.ndrc-marseille.fr\/inspireandco2\/?page_id=1364"},"modified":"2023-05-31T09:33:14","modified_gmt":"2023-05-31T07:33:14","slug":"plantes-dexterieur","status":"publish","type":"page","link":"https:\/\/wp.ndrc-marseille.fr\/inspireandco2\/index.php\/plantes-dexterieur\/","title":{"rendered":"Plantes d&#8217;ext\u00e9rieur"},"content":{"rendered":"\t\t<div data-elementor-type=\"wp-page\" data-elementor-id=\"1364\" class=\"elementor elementor-1364\">\n\t\t\t\t\t\t\t\t\t<section class=\"elementor-section elementor-top-section elementor-element elementor-element-f863568 elementor-section-boxed elementor-section-height-default elementor-section-height-default\" data-id=\"f863568\" data-element_type=\"section\">\n\t\t\t\t\t\t<div class=\"elementor-container elementor-column-gap-default\">\n\t\t\t\t\t<div class=\"elementor-column elementor-col-100 elementor-top-column elementor-element elementor-element-9bb3074\" data-id=\"9bb3074\" data-element_type=\"column\">\n\t\t\t<div class=\"elementor-widget-wrap elementor-element-populated\">\n\t\t\t\t\t\t\t\t<div class=\"elementor-element elementor-element-26156fd elementor-widget elementor-widget-heading\" data-id=\"26156fd\" data-element_type=\"widget\" data-widget_type=\"heading.default\">\n\t\t\t\t<div class=\"elementor-widget-container\">\n\t\t\t<style>\/*! elementor - v3.12.1 - 02-04-2023 *\/\n.elementor-heading-title{padding:0;margin:0;line-height:1}.elementor-widget-heading .elementor-heading-title[class*=elementor-size-]>a{color:inherit;font-size:inherit;line-height:inherit}.elementor-widget-heading .elementor-heading-title.elementor-size-small{font-size:15px}.elementor-widget-heading .elementor-heading-title.elementor-size-medium{font-size:19px}.elementor-widget-heading .elementor-heading-title.elementor-size-large{font-size:29px}.elementor-widget-heading .elementor-heading-title.elementor-size-xl{font-size:39px}.elementor-widget-heading .elementor-heading-title.elementor-size-xxl{font-size:59px}<\/style><h2 class=\"elementor-heading-title elementor-size-default\">Plantes d'ext\u00e9rieurs<\/h2>\t\t<\/div>\n\t\t\t\t<\/div>\n\t\t\t\t\t<\/div>\n\t\t<\/div>\n\t\t\t\t\t\t\t<\/div>\n\t\t<\/section>\n\t\t\t\t<section class=\"elementor-section elementor-top-section elementor-element elementor-element-ceceb38 elementor-section-boxed elementor-section-height-default elementor-section-height-default\" data-id=\"ceceb38\" data-element_type=\"section\">\n\t\t\t\t\t\t<div class=\"elementor-container elementor-column-gap-default\">\n\t\t\t\t\t<div class=\"elementor-column elementor-col-50 elementor-top-column elementor-element elementor-element-63fe2f6\" data-id=\"63fe2f6\" data-element_type=\"column\">\n\t\t\t<div class=\"elementor-widget-wrap elementor-element-populated\">\n\t\t\t\t\t\t\t\t<div class=\"elementor-element elementor-element-6c3ae1c elementor-widget elementor-widget-image\" data-id=\"6c3ae1c\" data-element_type=\"widget\" data-widget_type=\"image.default\">\n\t\t\t\t<div class=\"elementor-widget-container\">\n\t\t\t<style>\/*! elementor - v3.12.1 - 02-04-2023 *\/\n.elementor-widget-image{text-align:center}.elementor-widget-image a{display:inline-block}.elementor-widget-image a img[src$=\".svg\"]{width:48px}.elementor-widget-image img{vertical-align:middle;display:inline-block}<\/style>\t\t\t\t\t\t\t\t\t<figure class=\"wp-caption\">\n\t\t\t\t\t\t\t\t\t\t<img loading=\"lazy\" decoding=\"async\" width=\"1011\" height=\"1024\" src=\"https:\/\/wp.ndrc-marseille.fr\/inspireandco2\/wp-content\/uploads\/2023\/05\/IMG-7473-1011x1024.jpg\" class=\"attachment-large size-large wp-image-1428\" alt=\"\" srcset=\"https:\/\/wp.ndrc-marseille.fr\/inspireandco2\/wp-content\/uploads\/2023\/05\/IMG-7473-1011x1024.jpg 1011w, https:\/\/wp.ndrc-marseille.fr\/inspireandco2\/wp-content\/uploads\/2023\/05\/IMG-7473-296x300.jpg 296w, https:\/\/wp.ndrc-marseille.fr\/inspireandco2\/wp-content\/uploads\/2023\/05\/IMG-7473-768x778.jpg 768w, https:\/\/wp.ndrc-marseille.fr\/inspireandco2\/wp-content\/uploads\/2023\/05\/IMG-7473-600x608.jpg 600w, https:\/\/wp.ndrc-marseille.fr\/inspireandco2\/wp-content\/uploads\/2023\/05\/IMG-7473-100x100.jpg 100w, https:\/\/wp.ndrc-marseille.fr\/inspireandco2\/wp-content\/uploads\/2023\/05\/IMG-7473.jpg 1284w\" sizes=\"auto, (max-width: 1011px) 100vw, 1011px\" \/>\t\t\t\t\t\t\t\t\t\t\t<figcaption class=\"widget-image-caption wp-caption-text\">Nom de la plante<\/figcaption>\n\t\t\t\t\t\t\t\t\t\t<\/figure>\n\t\t\t\t\t\t\t\t\t<\/div>\n\t\t\t\t<\/div>\n\t\t\t\t\t<\/div>\n\t\t<\/div>\n\t\t\t\t<div class=\"elementor-column elementor-col-50 elementor-top-column elementor-element elementor-element-fd4d586\" data-id=\"fd4d586\" data-element_type=\"column\">\n\t\t\t<div class=\"elementor-widget-wrap elementor-element-populated\">\n\t\t\t\t\t\t\t\t<div class=\"elementor-element elementor-element-1d28f08 elementor-widget elementor-widget-image\" data-id=\"1d28f08\" data-element_type=\"widget\" data-widget_type=\"image.default\">\n\t\t\t\t<div class=\"elementor-widget-container\">\n\t\t\t\t\t\t\t\t\t\t\t\t<figure class=\"wp-caption\">\n\t\t\t\t\t\t\t\t\t\t<img loading=\"lazy\" decoding=\"async\" width=\"984\" height=\"1024\" src=\"https:\/\/wp.ndrc-marseille.fr\/inspireandco2\/wp-content\/uploads\/2023\/05\/IMG-7471-984x1024.jpg\" class=\"attachment-large size-large wp-image-1427\" alt=\"\" srcset=\"https:\/\/wp.ndrc-marseille.fr\/inspireandco2\/wp-content\/uploads\/2023\/05\/IMG-7471-984x1024.jpg 984w, https:\/\/wp.ndrc-marseille.fr\/inspireandco2\/wp-content\/uploads\/2023\/05\/IMG-7471-288x300.jpg 288w, https:\/\/wp.ndrc-marseille.fr\/inspireandco2\/wp-content\/uploads\/2023\/05\/IMG-7471-768x799.jpg 768w, https:\/\/wp.ndrc-marseille.fr\/inspireandco2\/wp-content\/uploads\/2023\/05\/IMG-7471-600x624.jpg 600w, https:\/\/wp.ndrc-marseille.fr\/inspireandco2\/wp-content\/uploads\/2023\/05\/IMG-7471.jpg 1284w\" sizes=\"auto, (max-width: 984px) 100vw, 984px\" \/>\t\t\t\t\t\t\t\t\t\t\t<figcaption class=\"widget-image-caption wp-caption-text\">Nom de la plante<\/figcaption>\n\t\t\t\t\t\t\t\t\t\t<\/figure>\n\t\t\t\t\t\t\t\t\t<\/div>\n\t\t\t\t<\/div>\n\t\t\t\t\t<\/div>\n\t\t<\/div>\n\t\t\t\t\t\t\t<\/div>\n\t\t<\/section>\n\t\t\t\t\t\t\t<\/div>\n\t\t","protected":false},"excerpt":{"rendered":"<p>Plantes d&#8217;ext\u00e9rieurs Nom de la plante Nom de la plante<\/p>\n","protected":false},"author":1,"featured_media":0,"parent":0,"menu_order":0,"comment_status":"closed","ping_status":"closed","template":"","meta":{"site-sidebar-layout":"no-sidebar","site-content-layout":"page-builder","ast-global-header-display":"","ast-main-header-display":"","ast-hfb-above-header-display":"","ast-hfb-below-header-display":"","ast-hfb-mobile-header-display":"","site-post-title":"disabled","ast-breadcrumbs-content":"","ast-featured-img":"disabled","footer-sml-layout":"","theme-transparent-header-meta":"","adv-header-id-meta":"","stick-header-meta":"","header-above-stick-meta":"","header-main-stick-meta":"","header-below-stick-meta":"","footnotes":""},"class_list":["post-1364","page","type-page","status-publish","hentry"],"yoast_head":"<!-- This site is optimized with the Yoast SEO plugin v20.8 - https:\/\/yoast.com\/wordpress\/plugins\/seo\/ -->\n<title>Plantes d&#039;ext\u00e9rieur - Racine l&#039;atelier v\u00e9g\u00e9tal<\/title>\n<meta name=\"robots\" content=\"index, follow, max-snippet:-1, max-image-preview:large, max-video-preview:-1\" \/>\n<link rel=\"canonical\" href=\"https:\/\/wp.ndrc-marseille.fr\/inspireandco2\/index.php\/plantes-dexterieur\/\" \/>\n<meta property=\"og:locale\" content=\"fr_FR\" \/>\n<meta property=\"og:type\" content=\"article\" \/>\n<meta property=\"og:title\" content=\"Plantes d&#039;ext\u00e9rieur - Racine l&#039;atelier v\u00e9g\u00e9tal\" \/>\n<meta property=\"og:description\" content=\"Plantes d&#8217;ext\u00e9rieurs Nom de la plante Nom de la plante\" \/>\n<meta property=\"og:url\" content=\"https:\/\/wp.ndrc-marseille.fr\/inspireandco2\/index.php\/plantes-dexterieur\/\" \/>\n<meta property=\"og:site_name\" content=\"Racine l&#039;atelier v\u00e9g\u00e9tal\" \/>\n<meta property=\"article:modified_time\" content=\"2023-05-31T07:33:14+00:00\" \/>\n<meta property=\"og:image\" content=\"https:\/\/wp.ndrc-marseille.fr\/inspireandco2\/wp-content\/uploads\/2023\/05\/IMG-7473-1011x1024.jpg\" \/>\n<meta name=\"twitter:card\" content=\"summary_large_image\" \/>\n<meta name=\"twitter:label1\" content=\"Dur\u00e9e de lecture estim\u00e9e\" \/>\n\t<meta name=\"twitter:data1\" content=\"1 minute\" \/>\n<script type=\"application\/ld+json\" class=\"yoast-schema-graph\">{\"@context\":\"https:\/\/schema.org\",\"@graph\":[{\"@type\":\"WebPage\",\"@id\":\"https:\/\/wp.ndrc-marseille.fr\/inspireandco2\/index.php\/plantes-dexterieur\/\",\"url\":\"https:\/\/wp.ndrc-marseille.fr\/inspireandco2\/index.php\/plantes-dexterieur\/\",\"name\":\"Plantes d'ext\u00e9rieur - Racine l&#039;atelier v\u00e9g\u00e9tal\",\"isPartOf\":{\"@id\":\"https:\/\/wp.ndrc-marseille.fr\/inspireandco2\/#website\"},\"datePublished\":\"2023-04-26T12:32:16+00:00\",\"dateModified\":\"2023-05-31T07:33:14+00:00\",\"breadcrumb\":{\"@id\":\"https:\/\/wp.ndrc-marseille.fr\/inspireandco2\/index.php\/plantes-dexterieur\/#breadcrumb\"},\"inLanguage\":\"fr-FR\",\"potentialAction\":[{\"@type\":\"ReadAction\",\"target\":[\"https:\/\/wp.ndrc-marseille.fr\/inspireandco2\/index.php\/plantes-dexterieur\/\"]}]},{\"@type\":\"BreadcrumbList\",\"@id\":\"https:\/\/wp.ndrc-marseille.fr\/inspireandco2\/index.php\/plantes-dexterieur\/#breadcrumb\",\"itemListElement\":[{\"@type\":\"ListItem\",\"position\":1,\"name\":\"Accueil\",\"item\":\"https:\/\/wp.ndrc-marseille.fr\/inspireandco2\/\"},{\"@type\":\"ListItem\",\"position\":2,\"name\":\"Plantes d&#8217;ext\u00e9rieur\"}]},{\"@type\":\"WebSite\",\"@id\":\"https:\/\/wp.ndrc-marseille.fr\/inspireandco2\/#website\",\"url\":\"https:\/\/wp.ndrc-marseille.fr\/inspireandco2\/\",\"name\":\"Racine l&#039;atelier v\u00e9g\u00e9tal\",\"description\":\"\",\"potentialAction\":[{\"@type\":\"SearchAction\",\"target\":{\"@type\":\"EntryPoint\",\"urlTemplate\":\"https:\/\/wp.ndrc-marseille.fr\/inspireandco2\/?s={search_term_string}\"},\"query-input\":\"required name=search_term_string\"}],\"inLanguage\":\"fr-FR\"}]}<\/script>\n<!-- \/ Yoast SEO plugin. -->","yoast_head_json":{"title":"Plantes d'ext\u00e9rieur - Racine l&#039;atelier v\u00e9g\u00e9tal","robots":{"index":"index","follow":"follow","max-snippet":"max-snippet:-1","max-image-preview":"max-image-preview:large","max-video-preview":"max-video-preview:-1"},"canonical":"https:\/\/wp.ndrc-marseille.fr\/inspireandco2\/index.php\/plantes-dexterieur\/","og_locale":"fr_FR","og_type":"article","og_title":"Plantes d'ext\u00e9rieur - Racine l&#039;atelier v\u00e9g\u00e9tal","og_description":"Plantes d&#8217;ext\u00e9rieurs Nom de la plante Nom de la plante","og_url":"https:\/\/wp.ndrc-marseille.fr\/inspireandco2\/index.php\/plantes-dexterieur\/","og_site_name":"Racine l&#039;atelier v\u00e9g\u00e9tal","article_modified_time":"2023-05-31T07:33:14+00:00","og_image":[{"url":"https:\/\/wp.ndrc-marseille.fr\/inspireandco2\/wp-content\/uploads\/2023\/05\/IMG-7473-1011x1024.jpg"}],"twitter_card":"summary_large_image","twitter_misc":{"Dur\u00e9e de lecture estim\u00e9e":"1 minute"},"schema":{"@context":"https:\/\/schema.org","@graph":[{"@type":"WebPage","@id":"https:\/\/wp.ndrc-marseille.fr\/inspireandco2\/index.php\/plantes-dexterieur\/","url":"https:\/\/wp.ndrc-marseille.fr\/inspireandco2\/index.php\/plantes-dexterieur\/","name":"Plantes d'ext\u00e9rieur - Racine l&#039;atelier v\u00e9g\u00e9tal","isPartOf":{"@id":"https:\/\/wp.ndrc-marseille.fr\/inspireandco2\/#website"},"datePublished":"2023-04-26T12:32:16+00:00","dateModified":"2023-05-31T07:33:14+00:00","breadcrumb":{"@id":"https:\/\/wp.ndrc-marseille.fr\/inspireandco2\/index.php\/plantes-dexterieur\/#breadcrumb"},"inLanguage":"fr-FR","potentialAction":[{"@type":"ReadAction","target":["https:\/\/wp.ndrc-marseille.fr\/inspireandco2\/index.php\/plantes-dexterieur\/"]}]},{"@type":"BreadcrumbList","@id":"https:\/\/wp.ndrc-marseille.fr\/inspireandco2\/index.php\/plantes-dexterieur\/#breadcrumb","itemListElement":[{"@type":"ListItem","position":1,"name":"Accueil","item":"https:\/\/wp.ndrc-marseille.fr\/inspireandco2\/"},{"@type":"ListItem","position":2,"name":"Plantes d&#8217;ext\u00e9rieur"}]},{"@type":"WebSite","@id":"https:\/\/wp.ndrc-marseille.fr\/inspireandco2\/#website","url":"https:\/\/wp.ndrc-marseille.fr\/inspireandco2\/","name":"Racine l&#039;atelier v\u00e9g\u00e9tal","description":"","potentialAction":[{"@type":"SearchAction","target":{"@type":"EntryPoint","urlTemplate":"https:\/\/wp.ndrc-marseille.fr\/inspireandco2\/?s={search_term_string}"},"query-input":"required name=search_term_string"}],"inLanguage":"fr-FR"}]}},"_links":{"self":[{"href":"https:\/\/wp.ndrc-marseille.fr\/inspireandco2\/index.php\/wp-json\/wp\/v2\/pages\/1364","targetHints":{"allow":["GET"]}}],"collection":[{"href":"https:\/\/wp.ndrc-marseille.fr\/inspireandco2\/index.php\/wp-json\/wp\/v2\/pages"}],"about":[{"href":"https:\/\/wp.ndrc-marseille.fr\/inspireandco2\/index.php\/wp-json\/wp\/v2\/types\/page"}],"author":[{"embeddable":true,"href":"https:\/\/wp.ndrc-marseille.fr\/inspireandco2\/index.php\/wp-json\/wp\/v2\/users\/1"}],"replies":[{"embeddable":true,"href":"https:\/\/wp.ndrc-marseille.fr\/inspireandco2\/index.php\/wp-json\/wp\/v2\/comments?post=1364"}],"version-history":[{"count":8,"href":"https:\/\/wp.ndrc-marseille.fr\/inspireandco2\/index.php\/wp-json\/wp\/v2\/pages\/1364\/revisions"}],"predecessor-version":[{"id":1510,"href":"https:\/\/wp.ndrc-marseille.fr\/inspireandco2\/index.php\/wp-json\/wp\/v2\/pages\/1364\/revisions\/1510"}],"wp:attachment":[{"href":"https:\/\/wp.ndrc-marseille.fr\/inspireandco2\/index.php\/wp-json\/wp\/v2\/media?parent=1364"}],"curies":[{"name":"wp","href":"https:\/\/api.w.org\/{rel}","templated":true}]}}