{"id":1359,"date":"2023-04-26T14:29:06","date_gmt":"2023-04-26T12:29:06","guid":{"rendered":"https:\/\/wp.ndrc-marseille.fr\/inspireandco2\/?page_id=1359"},"modified":"2023-05-31T09:30:59","modified_gmt":"2023-05-31T07:30:59","slug":"plantes-dinterieur","status":"publish","type":"page","link":"https:\/\/wp.ndrc-marseille.fr\/inspireandco2\/index.php\/plantes-dinterieur\/","title":{"rendered":"Plantes d&#8217;int\u00e9rieur"},"content":{"rendered":"\t\t<div data-elementor-type=\"wp-page\" data-elementor-id=\"1359\" class=\"elementor elementor-1359\">\n\t\t\t\t\t\t\t\t\t<section class=\"elementor-section elementor-top-section elementor-element elementor-element-2578ef9 elementor-section-boxed elementor-section-height-default elementor-section-height-default\" data-id=\"2578ef9\" data-element_type=\"section\">\n\t\t\t\t\t\t<div class=\"elementor-container elementor-column-gap-default\">\n\t\t\t\t\t<div class=\"elementor-column elementor-col-100 elementor-top-column elementor-element elementor-element-14020d0\" data-id=\"14020d0\" data-element_type=\"column\">\n\t\t\t<div class=\"elementor-widget-wrap elementor-element-populated\">\n\t\t\t\t\t\t\t\t<div class=\"elementor-element elementor-element-2552c31 elementor-widget elementor-widget-heading\" data-id=\"2552c31\" data-element_type=\"widget\" data-widget_type=\"heading.default\">\n\t\t\t\t<div class=\"elementor-widget-container\">\n\t\t\t<style>\/*! elementor - v3.12.1 - 02-04-2023 *\/\n.elementor-heading-title{padding:0;margin:0;line-height:1}.elementor-widget-heading .elementor-heading-title[class*=elementor-size-]>a{color:inherit;font-size:inherit;line-height:inherit}.elementor-widget-heading .elementor-heading-title.elementor-size-small{font-size:15px}.elementor-widget-heading .elementor-heading-title.elementor-size-medium{font-size:19px}.elementor-widget-heading .elementor-heading-title.elementor-size-large{font-size:29px}.elementor-widget-heading .elementor-heading-title.elementor-size-xl{font-size:39px}.elementor-widget-heading .elementor-heading-title.elementor-size-xxl{font-size:59px}<\/style><h2 class=\"elementor-heading-title elementor-size-default\">Plantes d'int\u00e9rieur<\/h2>\t\t<\/div>\n\t\t\t\t<\/div>\n\t\t\t\t\t<\/div>\n\t\t<\/div>\n\t\t\t\t\t\t\t<\/div>\n\t\t<\/section>\n\t\t\t\t<section class=\"elementor-section elementor-top-section elementor-element elementor-element-b654375 elementor-section-boxed elementor-section-height-default elementor-section-height-default\" data-id=\"b654375\" data-element_type=\"section\">\n\t\t\t\t\t\t<div class=\"elementor-container elementor-column-gap-default\">\n\t\t\t\t\t<div class=\"elementor-column elementor-col-50 elementor-top-column elementor-element elementor-element-0b74c4e\" data-id=\"0b74c4e\" data-element_type=\"column\">\n\t\t\t<div class=\"elementor-widget-wrap elementor-element-populated\">\n\t\t\t\t\t\t\t\t<div class=\"elementor-element elementor-element-3d5ec17 elementor-widget elementor-widget-image\" data-id=\"3d5ec17\" data-element_type=\"widget\" data-widget_type=\"image.default\">\n\t\t\t\t<div class=\"elementor-widget-container\">\n\t\t\t<style>\/*! elementor - v3.12.1 - 02-04-2023 *\/\n.elementor-widget-image{text-align:center}.elementor-widget-image a{display:inline-block}.elementor-widget-image a img[src$=\".svg\"]{width:48px}.elementor-widget-image img{vertical-align:middle;display:inline-block}<\/style>\t\t\t\t\t\t\t\t\t<figure class=\"wp-caption\">\n\t\t\t\t\t\t\t\t\t\t<img loading=\"lazy\" decoding=\"async\" width=\"552\" height=\"602\" src=\"https:\/\/wp.ndrc-marseille.fr\/inspireandco2\/wp-content\/uploads\/2021\/08\/Cactus-euphoria.png\" class=\"attachment-large size-large wp-image-1448\" alt=\"Cactus d&#039;int\u00e9rieur dans un pot dans un salon avec une chaise \u00e0 c\u00f4t\u00e9 de la plante\" srcset=\"https:\/\/wp.ndrc-marseille.fr\/inspireandco2\/wp-content\/uploads\/2021\/08\/Cactus-euphoria.png 552w, https:\/\/wp.ndrc-marseille.fr\/inspireandco2\/wp-content\/uploads\/2021\/08\/Cactus-euphoria-275x300.png 275w\" sizes=\"auto, (max-width: 552px) 100vw, 552px\" \/>\t\t\t\t\t\t\t\t\t\t\t<figcaption class=\"widget-image-caption wp-caption-text\">Jolie plante d'int\u00e9rieur<\/figcaption>\n\t\t\t\t\t\t\t\t\t\t<\/figure>\n\t\t\t\t\t\t\t\t\t<\/div>\n\t\t\t\t<\/div>\n\t\t\t\t\t<\/div>\n\t\t<\/div>\n\t\t\t\t<div class=\"elementor-column elementor-col-50 elementor-top-column elementor-element elementor-element-262b9a1\" data-id=\"262b9a1\" data-element_type=\"column\">\n\t\t\t<div class=\"elementor-widget-wrap elementor-element-populated\">\n\t\t\t\t\t\t\t\t<div class=\"elementor-element elementor-element-0ff05ca elementor-widget elementor-widget-image\" data-id=\"0ff05ca\" data-element_type=\"widget\" data-widget_type=\"image.default\">\n\t\t\t\t<div class=\"elementor-widget-container\">\n\t\t\t\t\t\t\t\t\t\t\t\t<figure class=\"wp-caption\">\n\t\t\t\t\t\t\t\t\t\t<img loading=\"lazy\" decoding=\"async\" width=\"712\" height=\"721\" src=\"https:\/\/wp.ndrc-marseille.fr\/inspireandco2\/wp-content\/uploads\/2021\/08\/Cactus-euphoria-IBERITA.png\" class=\"attachment-medium_large size-medium_large wp-image-1469\" alt=\"Photo produit, cactus,\" srcset=\"https:\/\/wp.ndrc-marseille.fr\/inspireandco2\/wp-content\/uploads\/2021\/08\/Cactus-euphoria-IBERITA.png 712w, https:\/\/wp.ndrc-marseille.fr\/inspireandco2\/wp-content\/uploads\/2021\/08\/Cactus-euphoria-IBERITA-296x300.png 296w, https:\/\/wp.ndrc-marseille.fr\/inspireandco2\/wp-content\/uploads\/2021\/08\/Cactus-euphoria-IBERITA-600x608.png 600w, https:\/\/wp.ndrc-marseille.fr\/inspireandco2\/wp-content\/uploads\/2021\/08\/Cactus-euphoria-IBERITA-100x100.png 100w\" sizes=\"auto, (max-width: 712px) 100vw, 712px\" \/>\t\t\t\t\t\t\t\t\t\t\t<figcaption class=\"widget-image-caption wp-caption-text\">Jolie plante d'int\u00e9rieur<\/figcaption>\n\t\t\t\t\t\t\t\t\t\t<\/figure>\n\t\t\t\t\t\t\t\t\t<\/div>\n\t\t\t\t<\/div>\n\t\t\t\t\t<\/div>\n\t\t<\/div>\n\t\t\t\t\t\t\t<\/div>\n\t\t<\/section>\n\t\t\t\t<section class=\"elementor-section elementor-top-section elementor-element elementor-element-d191a6a elementor-section-boxed elementor-section-height-default elementor-section-height-default\" data-id=\"d191a6a\" data-element_type=\"section\">\n\t\t\t\t\t\t<div class=\"elementor-container elementor-column-gap-default\">\n\t\t\t\t\t<div class=\"elementor-column elementor-col-50 elementor-top-column elementor-element elementor-element-e756496\" data-id=\"e756496\" data-element_type=\"column\">\n\t\t\t<div class=\"elementor-widget-wrap elementor-element-populated\">\n\t\t\t\t\t\t\t\t<div class=\"elementor-element elementor-element-f1def05 elementor-widget elementor-widget-image\" data-id=\"f1def05\" data-element_type=\"widget\" data-widget_type=\"image.default\">\n\t\t\t\t<div class=\"elementor-widget-container\">\n\t\t\t\t\t\t\t\t\t\t\t\t<figure class=\"wp-caption\">\n\t\t\t\t\t\t\t\t\t\t<img loading=\"lazy\" decoding=\"async\" width=\"1024\" height=\"1014\" src=\"https:\/\/wp.ndrc-marseille.fr\/inspireandco2\/wp-content\/uploads\/2023\/05\/IMG-7482-1024x1014.jpg\" class=\"attachment-large size-large wp-image-1437\" alt=\"\" srcset=\"https:\/\/wp.ndrc-marseille.fr\/inspireandco2\/wp-content\/uploads\/2023\/05\/IMG-7482-1024x1014.jpg 1024w, https:\/\/wp.ndrc-marseille.fr\/inspireandco2\/wp-content\/uploads\/2023\/05\/IMG-7482-300x297.jpg 300w, https:\/\/wp.ndrc-marseille.fr\/inspireandco2\/wp-content\/uploads\/2023\/05\/IMG-7482-150x150.jpg 150w, https:\/\/wp.ndrc-marseille.fr\/inspireandco2\/wp-content\/uploads\/2023\/05\/IMG-7482-768x761.jpg 768w, https:\/\/wp.ndrc-marseille.fr\/inspireandco2\/wp-content\/uploads\/2023\/05\/IMG-7482-600x594.jpg 600w, https:\/\/wp.ndrc-marseille.fr\/inspireandco2\/wp-content\/uploads\/2023\/05\/IMG-7482-100x100.jpg 100w, https:\/\/wp.ndrc-marseille.fr\/inspireandco2\/wp-content\/uploads\/2023\/05\/IMG-7482.jpg 1283w\" sizes=\"auto, (max-width: 1024px) 100vw, 1024px\" \/>\t\t\t\t\t\t\t\t\t\t\t<figcaption class=\"widget-image-caption wp-caption-text\">Jolie plante d'int\u00e9rieur dans un joli vase<\/figcaption>\n\t\t\t\t\t\t\t\t\t\t<\/figure>\n\t\t\t\t\t\t\t\t\t<\/div>\n\t\t\t\t<\/div>\n\t\t\t\t\t<\/div>\n\t\t<\/div>\n\t\t\t\t<div class=\"elementor-column elementor-col-50 elementor-top-column elementor-element elementor-element-a1745af\" data-id=\"a1745af\" data-element_type=\"column\">\n\t\t\t<div class=\"elementor-widget-wrap elementor-element-populated\">\n\t\t\t\t\t\t\t\t<div class=\"elementor-element elementor-element-911758e elementor-widget elementor-widget-image\" data-id=\"911758e\" data-element_type=\"widget\" data-widget_type=\"image.default\">\n\t\t\t\t<div class=\"elementor-widget-container\">\n\t\t\t\t\t\t\t\t\t\t\t\t<figure class=\"wp-caption\">\n\t\t\t\t\t\t\t\t\t\t<img loading=\"lazy\" decoding=\"async\" width=\"1024\" height=\"1018\" src=\"https:\/\/wp.ndrc-marseille.fr\/inspireandco2\/wp-content\/uploads\/2023\/05\/IMG-7477-1024x1018.jpg\" class=\"attachment-large size-large wp-image-1432\" alt=\"\" srcset=\"https:\/\/wp.ndrc-marseille.fr\/inspireandco2\/wp-content\/uploads\/2023\/05\/IMG-7477-1024x1018.jpg 1024w, https:\/\/wp.ndrc-marseille.fr\/inspireandco2\/wp-content\/uploads\/2023\/05\/IMG-7477-300x298.jpg 300w, https:\/\/wp.ndrc-marseille.fr\/inspireandco2\/wp-content\/uploads\/2023\/05\/IMG-7477-150x150.jpg 150w, https:\/\/wp.ndrc-marseille.fr\/inspireandco2\/wp-content\/uploads\/2023\/05\/IMG-7477-768x764.jpg 768w, https:\/\/wp.ndrc-marseille.fr\/inspireandco2\/wp-content\/uploads\/2023\/05\/IMG-7477-600x597.jpg 600w, https:\/\/wp.ndrc-marseille.fr\/inspireandco2\/wp-content\/uploads\/2023\/05\/IMG-7477-100x100.jpg 100w, https:\/\/wp.ndrc-marseille.fr\/inspireandco2\/wp-content\/uploads\/2023\/05\/IMG-7477.jpg 1284w\" sizes=\"auto, (max-width: 1024px) 100vw, 1024px\" \/>\t\t\t\t\t\t\t\t\t\t\t<figcaption class=\"widget-image-caption wp-caption-text\">Petites jolies plantes<\/figcaption>\n\t\t\t\t\t\t\t\t\t\t<\/figure>\n\t\t\t\t\t\t\t\t\t<\/div>\n\t\t\t\t<\/div>\n\t\t\t\t\t<\/div>\n\t\t<\/div>\n\t\t\t\t\t\t\t<\/div>\n\t\t<\/section>\n\t\t\t\t\t\t\t<\/div>\n\t\t","protected":false},"excerpt":{"rendered":"<p>Plantes d&#8217;int\u00e9rieur Jolie plante d&#8217;int\u00e9rieur Jolie plante d&#8217;int\u00e9rieur Jolie plante d&#8217;int\u00e9rieur dans un joli vase Petites jolies plantes<\/p>\n","protected":false},"author":1,"featured_media":0,"parent":0,"menu_order":0,"comment_status":"closed","ping_status":"closed","template":"","meta":{"site-sidebar-layout":"no-sidebar","site-content-layout":"page-builder","ast-global-header-display":"","ast-main-header-display":"","ast-hfb-above-header-display":"","ast-hfb-below-header-display":"","ast-hfb-mobile-header-display":"","site-post-title":"disabled","ast-breadcrumbs-content":"","ast-featured-img":"disabled","footer-sml-layout":"","theme-transparent-header-meta":"","adv-header-id-meta":"","stick-header-meta":"","header-above-stick-meta":"","header-main-stick-meta":"","header-below-stick-meta":"","footnotes":""},"class_list":["post-1359","page","type-page","status-publish","hentry"],"yoast_head":"<!-- This site is optimized with the Yoast SEO plugin v20.8 - https:\/\/yoast.com\/wordpress\/plugins\/seo\/ -->\n<title>Plantes d&#039;int\u00e9rieur - Racine l&#039;atelier v\u00e9g\u00e9tal<\/title>\n<meta name=\"robots\" content=\"index, follow, max-snippet:-1, max-image-preview:large, max-video-preview:-1\" \/>\n<link rel=\"canonical\" href=\"https:\/\/wp.ndrc-marseille.fr\/inspireandco2\/index.php\/plantes-dinterieur\/\" \/>\n<meta property=\"og:locale\" content=\"fr_FR\" \/>\n<meta property=\"og:type\" content=\"article\" \/>\n<meta property=\"og:title\" content=\"Plantes d&#039;int\u00e9rieur - Racine l&#039;atelier v\u00e9g\u00e9tal\" \/>\n<meta property=\"og:description\" content=\"Plantes d&#8217;int\u00e9rieur Jolie plante d&#8217;int\u00e9rieur Jolie plante d&#8217;int\u00e9rieur Jolie plante d&#8217;int\u00e9rieur dans un joli vase Petites jolies plantes\" \/>\n<meta property=\"og:url\" content=\"https:\/\/wp.ndrc-marseille.fr\/inspireandco2\/index.php\/plantes-dinterieur\/\" \/>\n<meta property=\"og:site_name\" content=\"Racine l&#039;atelier v\u00e9g\u00e9tal\" \/>\n<meta property=\"article:modified_time\" content=\"2023-05-31T07:30:59+00:00\" \/>\n<meta property=\"og:image\" content=\"https:\/\/wp.ndrc-marseille.fr\/inspireandco2\/wp-content\/uploads\/2021\/08\/Cactus-euphoria.png\" \/>\n<meta name=\"twitter:card\" content=\"summary_large_image\" \/>\n<meta name=\"twitter:label1\" content=\"Dur\u00e9e de lecture estim\u00e9e\" \/>\n\t<meta name=\"twitter:data1\" content=\"1 minute\" \/>\n<script type=\"application\/ld+json\" class=\"yoast-schema-graph\">{\"@context\":\"https:\/\/schema.org\",\"@graph\":[{\"@type\":\"WebPage\",\"@id\":\"https:\/\/wp.ndrc-marseille.fr\/inspireandco2\/index.php\/plantes-dinterieur\/\",\"url\":\"https:\/\/wp.ndrc-marseille.fr\/inspireandco2\/index.php\/plantes-dinterieur\/\",\"name\":\"Plantes d'int\u00e9rieur - Racine l&#039;atelier v\u00e9g\u00e9tal\",\"isPartOf\":{\"@id\":\"https:\/\/wp.ndrc-marseille.fr\/inspireandco2\/#website\"},\"datePublished\":\"2023-04-26T12:29:06+00:00\",\"dateModified\":\"2023-05-31T07:30:59+00:00\",\"breadcrumb\":{\"@id\":\"https:\/\/wp.ndrc-marseille.fr\/inspireandco2\/index.php\/plantes-dinterieur\/#breadcrumb\"},\"inLanguage\":\"fr-FR\",\"potentialAction\":[{\"@type\":\"ReadAction\",\"target\":[\"https:\/\/wp.ndrc-marseille.fr\/inspireandco2\/index.php\/plantes-dinterieur\/\"]}]},{\"@type\":\"BreadcrumbList\",\"@id\":\"https:\/\/wp.ndrc-marseille.fr\/inspireandco2\/index.php\/plantes-dinterieur\/#breadcrumb\",\"itemListElement\":[{\"@type\":\"ListItem\",\"position\":1,\"name\":\"Accueil\",\"item\":\"https:\/\/wp.ndrc-marseille.fr\/inspireandco2\/\"},{\"@type\":\"ListItem\",\"position\":2,\"name\":\"Plantes d&#8217;int\u00e9rieur\"}]},{\"@type\":\"WebSite\",\"@id\":\"https:\/\/wp.ndrc-marseille.fr\/inspireandco2\/#website\",\"url\":\"https:\/\/wp.ndrc-marseille.fr\/inspireandco2\/\",\"name\":\"Racine l&#039;atelier v\u00e9g\u00e9tal\",\"description\":\"\",\"potentialAction\":[{\"@type\":\"SearchAction\",\"target\":{\"@type\":\"EntryPoint\",\"urlTemplate\":\"https:\/\/wp.ndrc-marseille.fr\/inspireandco2\/?s={search_term_string}\"},\"query-input\":\"required name=search_term_string\"}],\"inLanguage\":\"fr-FR\"}]}<\/script>\n<!-- \/ Yoast SEO plugin. -->","yoast_head_json":{"title":"Plantes d'int\u00e9rieur - Racine l&#039;atelier v\u00e9g\u00e9tal","robots":{"index":"index","follow":"follow","max-snippet":"max-snippet:-1","max-image-preview":"max-image-preview:large","max-video-preview":"max-video-preview:-1"},"canonical":"https:\/\/wp.ndrc-marseille.fr\/inspireandco2\/index.php\/plantes-dinterieur\/","og_locale":"fr_FR","og_type":"article","og_title":"Plantes d'int\u00e9rieur - Racine l&#039;atelier v\u00e9g\u00e9tal","og_description":"Plantes d&#8217;int\u00e9rieur Jolie plante d&#8217;int\u00e9rieur Jolie plante d&#8217;int\u00e9rieur Jolie plante d&#8217;int\u00e9rieur dans un joli vase Petites jolies plantes","og_url":"https:\/\/wp.ndrc-marseille.fr\/inspireandco2\/index.php\/plantes-dinterieur\/","og_site_name":"Racine l&#039;atelier v\u00e9g\u00e9tal","article_modified_time":"2023-05-31T07:30:59+00:00","og_image":[{"url":"https:\/\/wp.ndrc-marseille.fr\/inspireandco2\/wp-content\/uploads\/2021\/08\/Cactus-euphoria.png"}],"twitter_card":"summary_large_image","twitter_misc":{"Dur\u00e9e de lecture estim\u00e9e":"1 minute"},"schema":{"@context":"https:\/\/schema.org","@graph":[{"@type":"WebPage","@id":"https:\/\/wp.ndrc-marseille.fr\/inspireandco2\/index.php\/plantes-dinterieur\/","url":"https:\/\/wp.ndrc-marseille.fr\/inspireandco2\/index.php\/plantes-dinterieur\/","name":"Plantes d'int\u00e9rieur - Racine l&#039;atelier v\u00e9g\u00e9tal","isPartOf":{"@id":"https:\/\/wp.ndrc-marseille.fr\/inspireandco2\/#website"},"datePublished":"2023-04-26T12:29:06+00:00","dateModified":"2023-05-31T07:30:59+00:00","breadcrumb":{"@id":"https:\/\/wp.ndrc-marseille.fr\/inspireandco2\/index.php\/plantes-dinterieur\/#breadcrumb"},"inLanguage":"fr-FR","potentialAction":[{"@type":"ReadAction","target":["https:\/\/wp.ndrc-marseille.fr\/inspireandco2\/index.php\/plantes-dinterieur\/"]}]},{"@type":"BreadcrumbList","@id":"https:\/\/wp.ndrc-marseille.fr\/inspireandco2\/index.php\/plantes-dinterieur\/#breadcrumb","itemListElement":[{"@type":"ListItem","position":1,"name":"Accueil","item":"https:\/\/wp.ndrc-marseille.fr\/inspireandco2\/"},{"@type":"ListItem","position":2,"name":"Plantes d&#8217;int\u00e9rieur"}]},{"@type":"WebSite","@id":"https:\/\/wp.ndrc-marseille.fr\/inspireandco2\/#website","url":"https:\/\/wp.ndrc-marseille.fr\/inspireandco2\/","name":"Racine l&#039;atelier v\u00e9g\u00e9tal","description":"","potentialAction":[{"@type":"SearchAction","target":{"@type":"EntryPoint","urlTemplate":"https:\/\/wp.ndrc-marseille.fr\/inspireandco2\/?s={search_term_string}"},"query-input":"required name=search_term_string"}],"inLanguage":"fr-FR"}]}},"_links":{"self":[{"href":"https:\/\/wp.ndrc-marseille.fr\/inspireandco2\/index.php\/wp-json\/wp\/v2\/pages\/1359","targetHints":{"allow":["GET"]}}],"collection":[{"href":"https:\/\/wp.ndrc-marseille.fr\/inspireandco2\/index.php\/wp-json\/wp\/v2\/pages"}],"about":[{"href":"https:\/\/wp.ndrc-marseille.fr\/inspireandco2\/index.php\/wp-json\/wp\/v2\/types\/page"}],"author":[{"embeddable":true,"href":"https:\/\/wp.ndrc-marseille.fr\/inspireandco2\/index.php\/wp-json\/wp\/v2\/users\/1"}],"replies":[{"embeddable":true,"href":"https:\/\/wp.ndrc-marseille.fr\/inspireandco2\/index.php\/wp-json\/wp\/v2\/comments?post=1359"}],"version-history":[{"count":12,"href":"https:\/\/wp.ndrc-marseille.fr\/inspireandco2\/index.php\/wp-json\/wp\/v2\/pages\/1359\/revisions"}],"predecessor-version":[{"id":1507,"href":"https:\/\/wp.ndrc-marseille.fr\/inspireandco2\/index.php\/wp-json\/wp\/v2\/pages\/1359\/revisions\/1507"}],"wp:attachment":[{"href":"https:\/\/wp.ndrc-marseille.fr\/inspireandco2\/index.php\/wp-json\/wp\/v2\/media?parent=1359"}],"curies":[{"name":"wp","href":"https:\/\/api.w.org\/{rel}","templated":true}]}}